{"id":580,"date":"2024-10-01T20:46:07","date_gmt":"2024-10-01T18:46:07","guid":{"rendered":"https:\/\/www.betijaialai.eus\/berria\/?page_id=580"},"modified":"2025-03-12T20:45:36","modified_gmt":"2025-03-12T19:45:36","slug":"hasiera","status":"publish","type":"page","link":"https:\/\/www.betijaialai.eus\/cas\/hasiera\/","title":{"rendered":"El comienzo"},"content":{"rendered":"<div style=\"height:50px\" aria-hidden=\"true\" class=\"wp-block-spacer\"><\/div>\n\n\n\n<h2 class=\"wp-block-heading has-text-align-center has-large-font-size\">El comienzo<\/h2>\n\n\n\n<div class=\"wp-block-columns is-layout-flex wp-container-core-columns-is-layout-e0e4babd wp-block-columns-is-layout-flex\" style=\"padding-right:0;padding-left:0\">\n<div class=\"wp-block-column is-layout-flow wp-block-column-is-layout-flow\">\n<div style=\"height:29px\" aria-hidden=\"true\" class=\"wp-block-spacer\"><\/div>\n\n\n\n<figure class=\"wp-block-image size-large is-resized is-style-default\"><img loading=\"lazy\" decoding=\"async\" width=\"1024\" height=\"580\" src=\"https:\/\/www.betijaialai.eus\/berria\/wp-content\/uploads\/2024\/10\/cervecera-norte-1024x580.gif\" alt=\"\" class=\"wp-image-654\" style=\"width:544px;height:auto\" srcset=\"https:\/\/www.betijaialai.eus\/wp-content\/uploads\/2024\/10\/cervecera-norte-1024x580.gif 1024w, https:\/\/www.betijaialai.eus\/wp-content\/uploads\/2024\/10\/cervecera-norte-300x170.gif 300w, https:\/\/www.betijaialai.eus\/wp-content\/uploads\/2024\/10\/cervecera-norte-768x435.gif 768w\" sizes=\"auto, (max-width: 1024px) 100vw, 1024px\" \/><\/figure>\n<\/div>\n\n\n\n<div class=\"wp-block-column is-layout-flow wp-block-column-is-layout-flow\">\n<p class=\"has-text-align-left\" style=\"margin-top:var(--wp--preset--spacing--70);margin-bottom:var(--wp--preset--spacing--70);font-size:22px;font-style:normal;font-weight:500;line-height:1.8\">El grupo BETI JAI ALAI es una agrupaci\u00f3n folcl\u00f3rica nacida del sentimiento popular euskaldun en el barrio de Basurto, y comprometida desde su fundaci\u00f3n en la investigaci\u00f3n, aprendizaje, conservaci\u00f3n y divulgaci\u00f3n, de las danzas, costumbres y ritos del pueblo vasco.<br>En 1967 Jon Pertika, junto con otros componentes del grupo BETI ALAI, deciden separarse y crear un nuevo grupo, BETI JAI ALAI, con personas del entorno de Basurto principalmente.<\/p>\n<\/div>\n<\/div>\n\n\n\n<div class=\"wp-block-columns is-layout-flex wp-container-core-columns-is-layout-e0e4babd wp-block-columns-is-layout-flex\" style=\"padding-right:0;padding-left:0\">\n<div class=\"wp-block-column is-layout-flow wp-block-column-is-layout-flow\">\n<p class=\"has-text-align-left\" style=\"font-size:22px;line-height:1.8\">En esos a\u00f1os, en plena \u00e9poca franquista, y en los que un gran n\u00famero de personas inmigrantes llegan a Bilbao y su entorno, Basurto es un barrio en los l\u00edmites de la ciudad que, a pesar de que a\u00fan conserva algunos caser\u00edos, empieza a crecer con la llegada de trabajadores de empresas como Euskalduna. En aquellos a\u00f1os, en Basurto, tiene mucha relevancia la Cervecera del Norte (que adem\u00e1s de fabricar cerveza es un punto de referencia para el ocio de muchas familias de Bilbao), el Hospital, el cuartel de Garellano, la estaci\u00f3n de tren (que adem\u00e1s de conectar con Enkarterri, llega hasta la Robla en Le\u00f3n), y las ferias de los 2\u00ba y 4\u00ba domingos de cada mes.<\/p>\n<\/div>\n\n\n\n<div class=\"wp-block-column is-layout-flow wp-block-column-is-layout-flow\">\n<div style=\"height:12px\" aria-hidden=\"true\" class=\"wp-block-spacer\"><\/div>\n\n\n\n<figure class=\"wp-block-image size-full is-style-default\"><img loading=\"lazy\" decoding=\"async\" width=\"556\" height=\"383\" src=\"https:\/\/www.betijaialai.eus\/berria\/wp-content\/uploads\/2024\/11\/Imagen2.png\" alt=\"\" class=\"wp-image-700\" srcset=\"https:\/\/www.betijaialai.eus\/wp-content\/uploads\/2024\/11\/Imagen2.png 556w, https:\/\/www.betijaialai.eus\/wp-content\/uploads\/2024\/11\/Imagen2-300x207.png 300w\" sizes=\"auto, (max-width: 556px) 100vw, 556px\" \/><\/figure>\n<\/div>\n<\/div>\n\n\n\n<div class=\"wp-block-columns is-layout-flex wp-container-core-columns-is-layout-e0e4babd wp-block-columns-is-layout-flex\" style=\"padding-right:0;padding-left:0\">\n<div class=\"wp-block-column is-layout-flow wp-block-column-is-layout-flow\" style=\"flex-basis:33.33%\">\n<div style=\"height:65px\" aria-hidden=\"true\" class=\"wp-block-spacer\"><\/div>\n\n\n\n<figure class=\"wp-block-image aligncenter size-full is-resized is-style-default\"><img loading=\"lazy\" decoding=\"async\" width=\"317\" height=\"463\" src=\"https:\/\/www.betijaialai.eus\/berria\/wp-content\/uploads\/2024\/11\/Imagen1.png\" alt=\"\" class=\"wp-image-699\" style=\"width:327px;height:auto\" srcset=\"https:\/\/www.betijaialai.eus\/wp-content\/uploads\/2024\/11\/Imagen1.png 317w, https:\/\/www.betijaialai.eus\/wp-content\/uploads\/2024\/11\/Imagen1-205x300.png 205w\" sizes=\"auto, (max-width: 317px) 100vw, 317px\" \/><\/figure>\n<\/div>\n\n\n\n<div class=\"wp-block-column is-layout-flow wp-block-column-is-layout-flow\" style=\"flex-basis:66.66%\">\n<p style=\"font-size:22px;line-height:1.8\">En este contexto, Jon Pertika apoyado por varios vecinos de Basurto (Gregorio Berriatua, Roman Sanz, Zamalloa\u2026) acude a los directivos de la Cervecera del Norte, y consigue permiso para ensayar en la bolera, al aire libre, teniendose que cobijar los d\u00edas de lluvia en un barrac\u00f3n situado al lado de la bolera. En 1967 se empiezan a dar los primeros pasos para la creaci\u00f3n del grupo, pero BETI JAI ALAI nace formalmente en abril de 1968. Su primera actuaci\u00f3n ante el p\u00fablico tiene lugar el 21 de abril de 1968, en un festival celebrado en el Pabell\u00f3n Municipal de Deportes de Bilbao, y est\u00e1 apadrinado por el grupo Dindirri.<br><br> En el festival actuan m\u00fasicos tan cl\u00e1sicos como los trikitilaris Salba Ugarte, Txilibrin y Balbino Ojanguren; la Banda Municipal de Txistularis (bajo la batuta de Boni Fern\u00e1ndez); los cantantes Hnos. Argoitia; el Orfe\u00f3n San Ant\u00f3n y la Coral Arraizpe de Rekaldeberri; y los grupos de danzas Amaia, Gazteak Alai y Goi Alde; seg\u00fan se refleja en el n\u00famero 54 (abril-mayo-junio) de 1968 de la revista Txistulari.<\/p>\n<\/div>\n<\/div>\n\n\n\n<p style=\"font-size:22px;line-height:1.8\">Muchos de aquellos primeros componentes del grupo nunca antes hab\u00edan bailado en un grupo de danza, pero aprenden r\u00e1pido, y enseguida empiezan a bailar danzas de Bizkaia y Gipuzkoa principalmente, a la manera que se estila en aquella \u00e9poca (en muchos casos coreograf\u00edas que no se ajustan exactamente al modo tradicional).<\/p>\n\n\n\n<p class=\"has-text-align-right has-ast-global-color-0-color has-text-color has-link-color wp-elements-5df5f9bdc94bc94875891ec6a4c6d9d4\" style=\"font-size:18px\"><a href=\"https:\/\/www.betijaialai.eus\/cas\/berria\/70-hamarkada\/\">Seguir leyendo<\/a><\/p>\n\n\n\n<div style=\"height:65px\" aria-hidden=\"true\" class=\"wp-block-spacer\"><\/div>","protected":false},"excerpt":{"rendered":"<p>Hasiera BETI JAI ALAI taldea Basurtu auzoko herri euskaldun sentimendutik sortutako folklore taldea da, eta sortu zenetik Euskal Herriko dantza, aztarna eta erritoen ikerketa, ikaskuntza, kontserbazio eta dibulgazioan konpromentitua dago.1967an, [&hellip;]<\/p>\n","protected":false},"author":3,"featured_media":0,"parent":0,"menu_order":0,"comment_status":"closed","ping_status":"closed","template":"","meta":{"_uag_custom_page_level_css":"","site-sidebar-layout":"default","site-content-layout":"","ast-site-content-layout":"","site-content-style":"default","site-sidebar-style":"default","ast-global-header-display":"","ast-banner-title-visibility":"","ast-main-header-display":"","ast-hfb-above-header-display":"","ast-hfb-below-header-display":"","ast-hfb-mobile-header-display":"","site-post-title":"disabled","ast-breadcrumbs-content":"","ast-featured-img":"","footer-sml-layout":"","ast-disable-related-posts":"","theme-transparent-header-meta":"disabled","adv-header-id-meta":"","stick-header-meta":"","header-above-stick-meta":"","header-main-stick-meta":"","header-below-stick-meta":"","astra-migrate-meta-layouts":"default","ast-page-background-enabled":"default","ast-page-background-meta":{"desktop":{"background-color":"var(--ast-global-color-4)","background-image":"","background-repeat":"repeat","background-position":"center center","background-size":"auto","background-attachment":"scroll","background-type":"","background-media":"","overlay-type":"","overlay-color":"","overlay-opacity":"","overlay-gradient":""},"tablet":{"background-color":"","background-image":"","background-repeat":"repeat","background-position":"center center","background-size":"auto","background-attachment":"scroll","background-type":"","background-media":"","overlay-type":"","overlay-color":"","overlay-opacity":"","overlay-gradient":""},"mobile":{"background-color":"","background-image":"","background-repeat":"repeat","background-position":"center center","background-size":"auto","background-attachment":"scroll","background-type":"","background-media":"","overlay-type":"","overlay-color":"","overlay-opacity":"","overlay-gradient":""}},"ast-content-background-meta":{"desktop":{"background-color":"var(--ast-global-color-5)","background-image":"","background-repeat":"repeat","background-position":"center center","background-size":"auto","background-attachment":"scroll","background-type":"","background-media":"","overlay-type":"","overlay-color":"","overlay-opacity":"","overlay-gradient":""},"tablet":{"background-color":"var(--ast-global-color-5)","background-image":"","background-repeat":"repeat","background-position":"center center","background-size":"auto","background-attachment":"scroll","background-type":"","background-media":"","overlay-type":"","overlay-color":"","overlay-opacity":"","overlay-gradient":""},"mobile":{"background-color":"var(--ast-global-color-5)","background-image":"","background-repeat":"repeat","background-position":"center center","background-size":"auto","background-attachment":"scroll","background-type":"","background-media":"","overlay-type":"","overlay-color":"","overlay-opacity":"","overlay-gradient":""}},"footnotes":""},"class_list":["post-580","page","type-page","status-publish","hentry"],"uagb_featured_image_src":{"full":false,"thumbnail":false,"medium":false,"medium_large":false,"large":false,"1536x1536":false,"2048x2048":false,"trp-custom-language-flag":false},"uagb_author_info":{"display_name":"Sergio Perez","author_link":"https:\/\/www.betijaialai.eus\/cas\/author\/sergio\/"},"uagb_comment_info":0,"uagb_excerpt":"Hasiera BETI JAI ALAI taldea Basurtu auzoko herri euskaldun sentimendutik sortutako folklore taldea da, eta sortu zenetik Euskal Herriko dantza, aztarna eta erritoen ikerketa, ikaskuntza, kontserbazio eta dibulgazioan konpromentitua dago.1967an, [&hellip;]","_links":{"self":[{"href":"https:\/\/www.betijaialai.eus\/cas\/wp-json\/wp\/v2\/pages\/580","targetHints":{"allow":["GET"]}}],"collection":[{"href":"https:\/\/www.betijaialai.eus\/cas\/wp-json\/wp\/v2\/pages"}],"about":[{"href":"https:\/\/www.betijaialai.eus\/cas\/wp-json\/wp\/v2\/types\/page"}],"author":[{"embeddable":true,"href":"https:\/\/www.betijaialai.eus\/cas\/wp-json\/wp\/v2\/users\/3"}],"replies":[{"embeddable":true,"href":"https:\/\/www.betijaialai.eus\/cas\/wp-json\/wp\/v2\/comments?post=580"}],"version-history":[{"count":53,"href":"https:\/\/www.betijaialai.eus\/cas\/wp-json\/wp\/v2\/pages\/580\/revisions"}],"predecessor-version":[{"id":1062,"href":"https:\/\/www.betijaialai.eus\/cas\/wp-json\/wp\/v2\/pages\/580\/revisions\/1062"}],"wp:attachment":[{"href":"https:\/\/www.betijaialai.eus\/cas\/wp-json\/wp\/v2\/media?parent=580"}],"curies":[{"name":"wp","href":"https:\/\/api.w.org\/{rel}","templated":true}]}}