{"id":609,"date":"2024-10-02T17:44:09","date_gmt":"2024-10-02T15:44:09","guid":{"rendered":"https:\/\/www.betijaialai.eus\/berria\/?page_id=609"},"modified":"2025-05-02T20:12:35","modified_gmt":"2025-05-02T18:12:35","slug":"gaur-egun","status":"publish","type":"page","link":"https:\/\/www.betijaialai.eus\/cas\/gaur-egun\/","title":{"rendered":"Actualidad"},"content":{"rendered":"<div style=\"height:47px\" aria-hidden=\"true\" class=\"wp-block-spacer\"><\/div>\n\n\n\n<h2 class=\"wp-block-heading has-text-align-center\">Actualidad<\/h2>\n\n\n\n<p style=\"font-size:22px;line-height:1.8\">Hoy en d\u00eda, unas 120 personas conforman el grupo BETI JAI ALAI. Los locales actuales, situados en la estrada de Masustegi, permiten, por su amplitud, acoger tanto los locales de ensayo como los de vestuario y material, as\u00ed como una oficina y peque\u00f1a biblioteca.<\/p>\n\n\n\n<div class=\"wp-block-columns is-layout-flex wp-container-core-columns-is-layout-e0e4babd wp-block-columns-is-layout-flex\" style=\"padding-right:0;padding-left:0\">\n<div class=\"wp-block-column is-layout-flow wp-block-column-is-layout-flow\">\n<p style=\"margin-top:-10px;font-size:22px;line-height:1.8\">El grupo de adultos lo conforman unas 70 personas entre dantzaris, m\u00fasicos, y un peque\u00f1o coro formado por antiguos miembros del grupo, y mantiene una incesante actividad con 2\/3 ensayos semanales, dedicados a la preparaci\u00f3n de actuaciones y perfecci\u00f3n de la t\u00e9cnica.<\/p>\n<\/div>\n\n\n\n<div class=\"wp-block-column is-layout-flow wp-block-column-is-layout-flow\">\n<figure class=\"wp-block-image size-full\"><img loading=\"lazy\" decoding=\"async\" width=\"567\" height=\"255\" src=\"https:\/\/www.betijaialai.eus\/berria\/wp-content\/uploads\/2024\/11\/Balmaseda_2024.jpg\" alt=\"\" class=\"wp-image-950\" srcset=\"https:\/\/www.betijaialai.eus\/wp-content\/uploads\/2024\/11\/Balmaseda_2024.jpg 567w, https:\/\/www.betijaialai.eus\/wp-content\/uploads\/2024\/11\/Balmaseda_2024-300x135.jpg 300w\" sizes=\"auto, (max-width: 567px) 100vw, 567px\" \/><\/figure>\n<\/div>\n<\/div>\n\n\n\n<p style=\"margin-top:-10px;font-size:22px;line-height:1.8\">Por otro lado, tambi\u00e9n hay un grupo infantil que, adem\u00e1s de los ensayos semanales, participan en m\u00faltiples actuaciones y romer\u00edas. Esta labor de ense\u00f1anza con los m\u00e1s peque\u00f1os y la dedicaci\u00f3n al grupo infantil vienen asegurando la continuidad de la actividad y el relevo generacional de los miembros.<\/p>\n\n\n\n<figure class=\"wp-block-image aligncenter size-large\"><img loading=\"lazy\" decoding=\"async\" width=\"1024\" height=\"575\" src=\"https:\/\/www.betijaialai.eus\/berria\/wp-content\/uploads\/2024\/11\/Dantzari-eguna-2024-1024x575.jpg\" alt=\"\" class=\"wp-image-954\" srcset=\"https:\/\/www.betijaialai.eus\/wp-content\/uploads\/2024\/11\/Dantzari-eguna-2024-1024x575.jpg 1024w, https:\/\/www.betijaialai.eus\/wp-content\/uploads\/2024\/11\/Dantzari-eguna-2024-300x169.jpg 300w, https:\/\/www.betijaialai.eus\/wp-content\/uploads\/2024\/11\/Dantzari-eguna-2024-768x432.jpg 768w, https:\/\/www.betijaialai.eus\/wp-content\/uploads\/2024\/11\/Dantzari-eguna-2024.jpg 1299w\" sizes=\"auto, (max-width: 1024px) 100vw, 1024px\" \/><\/figure>\n\n\n\n<p style=\"margin-top:19px;font-size:22px;line-height:1.8\">Entre los objetivos principales del grupo est\u00e1 la divulgaci\u00f3n de la danza y cultura vasca en el barrio de Basurto y en Bilbao principalmente, pero tambi\u00e9n en aquellas partes de Euskal Herria donde sea requerido. Sin embargo, tras el par\u00f3n provocado por la pandemia de COVID 19, ha comenzado de nuevo a traspasar las fronteras de Euskal Herria, y a acudir a varios puntos del Estado (Salamanca, Toledo) en donde se han mostrado interesados en conocer el folklore vasco.<\/p>\n\n\n\n<p style=\"font-size:22px;line-height:1.8\">Cada 15 de agosto y 11 de octubre, el Beti Jai Alai baila dentro de la Bas\u00edlica de Bego\u00f1a la ezpata dantza recuperada en el a\u00f1o 1997. As\u00ed mismo, el d\u00eda 15 de agosto representa, junto con las autoridades del Ayuntamiento de Bilbao, el aurresku al modo en el que se bailaba tradicionalmente en Bego\u00f1a y anteiglesias de alrededor, y que desde 1995 se viene realizando en la parte trasera de la Bas\u00edlica de Bego\u00f1a.<\/p>\n\n\n\n<figure class=\"wp-block-image aligncenter size-large\"><img loading=\"lazy\" decoding=\"async\" width=\"1024\" height=\"684\" src=\"https:\/\/www.betijaialai.eus\/berria\/wp-content\/uploads\/2024\/11\/Begona-abuztuan-2024-1024x684.jpg\" alt=\"\" class=\"wp-image-956\" srcset=\"https:\/\/www.betijaialai.eus\/wp-content\/uploads\/2024\/11\/Begona-abuztuan-2024-1024x684.jpg 1024w, https:\/\/www.betijaialai.eus\/wp-content\/uploads\/2024\/11\/Begona-abuztuan-2024-300x200.jpg 300w, https:\/\/www.betijaialai.eus\/wp-content\/uploads\/2024\/11\/Begona-abuztuan-2024-768x513.jpg 768w, https:\/\/www.betijaialai.eus\/wp-content\/uploads\/2024\/11\/Begona-abuztuan-2024.jpg 1068w\" sizes=\"auto, (max-width: 1024px) 100vw, 1024px\" \/><\/figure>\n\n\n\n<div style=\"height:37px\" aria-hidden=\"true\" class=\"wp-block-spacer\"><\/div>\n\n\n\n<p><\/p>","protected":false},"excerpt":{"rendered":"<p>Gaur Egun Gaur egun, 120 lagun inguruk osatzen dute BETI JAI ALAI taldea. Gaur egungo lokalak Masustegiko Estratan daude, eta, duten zabaltasunagatik, entseguak, jantziak, materiala, bulegoa eta liburutegi txikia hartzeko [&hellip;]<\/p>\n","protected":false},"author":3,"featured_media":0,"parent":0,"menu_order":0,"comment_status":"closed","ping_status":"closed","template":"","meta":{"_uag_custom_page_level_css":"","site-sidebar-layout":"default","site-content-layout":"","ast-site-content-layout":"","site-content-style":"default","site-sidebar-style":"default","ast-global-header-display":"","ast-banner-title-visibility":"","ast-main-header-display":"","ast-hfb-above-header-display":"","ast-hfb-below-header-display":"","ast-hfb-mobile-header-display":"","site-post-title":"disabled","ast-breadcrumbs-content":"","ast-featured-img":"","footer-sml-layout":"","ast-disable-related-posts":"","theme-transparent-header-meta":"default","adv-header-id-meta":"","stick-header-meta":"","header-above-stick-meta":"","header-main-stick-meta":"","header-below-stick-meta":"","astra-migrate-meta-layouts":"default","ast-page-background-enabled":"default","ast-page-background-meta":{"desktop":{"background-color":"var(--ast-global-color-4)","background-image":"","background-repeat":"repeat","background-position":"center center","background-size":"auto","background-attachment":"scroll","background-type":"","background-media":"","overlay-type":"","overlay-color":"","overlay-opacity":"","overlay-gradient":""},"tablet":{"background-color":"","background-image":"","background-repeat":"repeat","background-position":"center center","background-size":"auto","background-attachment":"scroll","background-type":"","background-media":"","overlay-type":"","overlay-color":"","overlay-opacity":"","overlay-gradient":""},"mobile":{"background-color":"","background-image":"","background-repeat":"repeat","background-position":"center center","background-size":"auto","background-attachment":"scroll","background-type":"","background-media":"","overlay-type":"","overlay-color":"","overlay-opacity":"","overlay-gradient":""}},"ast-content-background-meta":{"desktop":{"background-color":"var(--ast-global-color-5)","background-image":"","background-repeat":"repeat","background-position":"center center","background-size":"auto","background-attachment":"scroll","background-type":"","background-media":"","overlay-type":"","overlay-color":"","overlay-opacity":"","overlay-gradient":""},"tablet":{"background-color":"var(--ast-global-color-5)","background-image":"","background-repeat":"repeat","background-position":"center center","background-size":"auto","background-attachment":"scroll","background-type":"","background-media":"","overlay-type":"","overlay-color":"","overlay-opacity":"","overlay-gradient":""},"mobile":{"background-color":"var(--ast-global-color-5)","background-image":"","background-repeat":"repeat","background-position":"center center","background-size":"auto","background-attachment":"scroll","background-type":"","background-media":"","overlay-type":"","overlay-color":"","overlay-opacity":"","overlay-gradient":""}},"footnotes":""},"class_list":["post-609","page","type-page","status-publish","hentry"],"uagb_featured_image_src":{"full":false,"thumbnail":false,"medium":false,"medium_large":false,"large":false,"1536x1536":false,"2048x2048":false,"trp-custom-language-flag":false},"uagb_author_info":{"display_name":"Sergio Perez","author_link":"https:\/\/www.betijaialai.eus\/cas\/author\/sergio\/"},"uagb_comment_info":0,"uagb_excerpt":"Gaur Egun Gaur egun, 120 lagun inguruk osatzen dute BETI JAI ALAI taldea. Gaur egungo lokalak Masustegiko Estratan daude, eta, duten zabaltasunagatik, entseguak, jantziak, materiala, bulegoa eta liburutegi txikia hartzeko [&hellip;]","_links":{"self":[{"href":"https:\/\/www.betijaialai.eus\/cas\/wp-json\/wp\/v2\/pages\/609","targetHints":{"allow":["GET"]}}],"collection":[{"href":"https:\/\/www.betijaialai.eus\/cas\/wp-json\/wp\/v2\/pages"}],"about":[{"href":"https:\/\/www.betijaialai.eus\/cas\/wp-json\/wp\/v2\/types\/page"}],"author":[{"embeddable":true,"href":"https:\/\/www.betijaialai.eus\/cas\/wp-json\/wp\/v2\/users\/3"}],"replies":[{"embeddable":true,"href":"https:\/\/www.betijaialai.eus\/cas\/wp-json\/wp\/v2\/comments?post=609"}],"version-history":[{"count":15,"href":"https:\/\/www.betijaialai.eus\/cas\/wp-json\/wp\/v2\/pages\/609\/revisions"}],"predecessor-version":[{"id":1059,"href":"https:\/\/www.betijaialai.eus\/cas\/wp-json\/wp\/v2\/pages\/609\/revisions\/1059"}],"wp:attachment":[{"href":"https:\/\/www.betijaialai.eus\/cas\/wp-json\/wp\/v2\/media?parent=609"}],"curies":[{"name":"wp","href":"https:\/\/api.w.org\/{rel}","templated":true}]}}