{"id":615,"date":"2024-10-02T17:51:14","date_gmt":"2024-10-02T15:51:14","guid":{"rendered":"https:\/\/www.betijaialai.eus\/berria\/?page_id=615"},"modified":"2025-05-29T11:30:02","modified_gmt":"2025-05-29T09:30:02","slug":"jarduerak","status":"publish","type":"page","link":"https:\/\/www.betijaialai.eus\/cas\/jarduerak\/","title":{"rendered":"Actividades"},"content":{"rendered":"<div style=\"height:58px\" aria-hidden=\"true\" class=\"wp-block-spacer\"><\/div>\n\n\n\n<h2 class=\"wp-block-heading has-text-align-center\">Romer\u00edas<\/h2>\n\n\n\n<p style=\"font-size:22px;line-height:1.8\">Enmarcadas en una campa\u00f1a municipal dirigida a acercar el folclore euskaldun al ciudadano de a pie, el grupo Beti Jai Alai lleva varios a\u00f1os celebrando en Basurto diversas romer\u00edas peri\u00f3dicamente.<\/p>\n\n\n\n<p style=\"margin-top:-10px;font-size:22px;line-height:1.8\">En ellas, el grupo a trav\u00e9s de sus m\u00fasicos y dantzaris da a conocer diferentes bailes y tradiciones, a la vez que anima a participar a los asistentes, lo cual constituye uno de los principales objetivos de estos actos, que el folclore una en la fiesta a todo el que as\u00ed lo desee.<\/p>\n\n\n\n<p style=\"margin-top:-10px;font-size:22px;line-height:1.8\">Hasta el momento, todas las romer\u00edas celebradas han sido un \u00e9xito, con una masiva asistencia y participaci\u00f3n. Con ello, se ha conseguido recrear un ambiente similar al que tradicionalmente se ha vivido en nuestros pueblos.<\/p>\n\n\n\n<h2 class=\"wp-block-heading has-text-align-center\">ALARDE INFANTIL<\/h2>\n\n\n\n<p style=\"font-size:22px;line-height:1.8\">En el a\u00f1o 2002 el grupo organiz\u00f3 la primera edici\u00f3n de su alarde infantil, que trajo a Basurto a una decena de grupos de toda Bizkaia. A partir de entonces, este evento se ha ido celebrando anualmente en el mes de octubre, cada vez con mayor aceptaci\u00f3n por parte de los grupos y el p\u00fablico.<\/p>\n\n\n\n<p style=\"margin-top:-10px;font-size:22px;line-height:1.8\">En el alarde, los ni\u00f1os de los distintos grupos asistentes llevan a cabo un extenso pasacalles por las calles de Basurto, as\u00ed como diferentes exhibiciones en todos los rincones del barrio. Finalmente, todos los grupos se re\u00fanen en la plaza Aita Donosti para clausurar el acto con una actuaci\u00f3n conjunta.<\/p>\n\n\n\n<p style=\"margin-top:-10px;font-size:22px;line-height:1.8\">El llevar a cabo esta actividad ha resultado muy positivo, puesto que contribuye a la colaboraci\u00f3n del barrio con la labor de divulgaci\u00f3n del grupo y, al mismo tiempo, permite a los ni\u00f1os y ni\u00f1as de distintos grupos compartir experiencias.<\/p>\n\n\n\n<h2 class=\"wp-block-heading has-text-align-center\">OLENTZERO<\/h2>\n\n\n\n<p style=\"font-size:22px;line-height:1.8\">Llegada la Navidad, el 24 de diciembre, Olentzero tambi\u00e9n se acerca a los ni\u00f1os y ni\u00f1as de Basurto por medio de BETI JAI ALAI.<\/p>\n\n\n\n<p style=\"margin-top:-10px;font-size:22px;line-height:1.8\">Para tal especial celebraci\u00f3n, todos los miembros del grupo sacan a la calle un amplio repertorio de canciones navide\u00f1as euskaldunes. Para finalizar, se procede a la tradicional quema de Olentzero, en la que participa todo el barrio y, como preludio a la cena de Nochebuena, el grupo proporciona a todo el mundo una peque\u00f1a degustaci\u00f3n de txistorra.<\/p>\n\n\n\n<p style=\"margin-top:-10px;font-size:22px;line-height:1.8\">Cabe se\u00f1alar que esta actividad est\u00e1 muy arraigada en Basurto, puesto que se lleva celebrando ininterrumpidamente durante muchos a\u00f1os. El grupo, por su parte, pone mucho empe\u00f1o en preparar este evento: ensaya las canciones, prepara la figura de Olentzero y se encarga de preparar el aperitivo del que todos los asistentes disfrutan al final del acto.<\/p>\n\n\n\n<h2 class=\"wp-block-heading has-text-align-center\">SANTA AGUEDA<\/h2>\n\n\n\n<p style=\"font-size:22px;line-height:1.8\">El 4 de febrero las calles de Basurto tambi\u00e9n celebran una fiesta tan arraigada en Euskal Herria como es la v\u00edspera de Santa Ageda, gracias al BETI JAI ALAI<\/p>\n\n\n\n<p style=\"margin-top:-10px;font-size:22px;line-height:1.8\">Los componentes del grupo, formando un espor\u00e1dico coro, recorren el barrio cantando, acompa\u00f1ados de m\u00fasica y, por supuesto, sin que falten las makilas, la farola y los tradicionales poltseros. Hay que destacar la colaboraci\u00f3n de los vecinos con estos \u00faltimos, que aunque sea lanz\u00e1ndoles desde sus ventanas envueltas en papel, aportan su moneda en recompensa al coro. Esta colaboraci\u00f3n es m\u00e1s destacada si cabe en los propietarios de comercios, sobre todo bares.<\/p>\n\n\n\n<p><\/p>","protected":false},"excerpt":{"rendered":"<p>ERROMERIAK Udaletxeak sustaturiko kanpaina baten barruan, euskal folklorea hiritar arruntari ezagutarazteko, BETI JAI ALA-kI urte batzuk daramatza Basurtun erromeriak antolatzen aldika aldika. Erromeriotan, taldearen soinulari eta dantzariek hainbat dantza eta [&hellip;]<\/p>\n","protected":false},"author":3,"featured_media":0,"parent":0,"menu_order":0,"comment_status":"closed","ping_status":"closed","template":"","meta":{"_uag_custom_page_level_css":"","site-sidebar-layout":"default","site-content-layout":"","ast-site-content-layout":"default","site-content-style":"default","site-sidebar-style":"default","ast-global-header-display":"","ast-banner-title-visibility":"","ast-main-header-display":"","ast-hfb-above-header-display":"","ast-hfb-below-header-display":"","ast-hfb-mobile-header-display":"","site-post-title":"disabled","ast-breadcrumbs-content":"","ast-featured-img":"","footer-sml-layout":"","ast-disable-related-posts":"","theme-transparent-header-meta":"","adv-header-id-meta":"","stick-header-meta":"","header-above-stick-meta":"","header-main-stick-meta":"","header-below-stick-meta":"","astra-migrate-meta-layouts":"default","ast-page-background-enabled":"default","ast-page-background-meta":{"desktop":{"background-color":"var(--ast-global-color-4)","background-image":"","background-repeat":"repeat","background-position":"center center","background-size":"auto","background-attachment":"scroll","background-type":"","background-media":"","overlay-type":"","overlay-color":"","overlay-opacity":"","overlay-gradient":""},"tablet":{"background-color":"","background-image":"","background-repeat":"repeat","background-position":"center center","background-size":"auto","background-attachment":"scroll","background-type":"","background-media":"","overlay-type":"","overlay-color":"","overlay-opacity":"","overlay-gradient":""},"mobile":{"background-color":"","background-image":"","background-repeat":"repeat","background-position":"center center","background-size":"auto","background-attachment":"scroll","background-type":"","background-media":"","overlay-type":"","overlay-color":"","overlay-opacity":"","overlay-gradient":""}},"ast-content-background-meta":{"desktop":{"background-color":"var(--ast-global-color-5)","background-image":"","background-repeat":"repeat","background-position":"center center","background-size":"auto","background-attachment":"scroll","background-type":"","background-media":"","overlay-type":"","overlay-color":"","overlay-opacity":"","overlay-gradient":""},"tablet":{"background-color":"var(--ast-global-color-5)","background-image":"","background-repeat":"repeat","background-position":"center center","background-size":"auto","background-attachment":"scroll","background-type":"","background-media":"","overlay-type":"","overlay-color":"","overlay-opacity":"","overlay-gradient":""},"mobile":{"background-color":"var(--ast-global-color-5)","background-image":"","background-repeat":"repeat","background-position":"center center","background-size":"auto","background-attachment":"scroll","background-type":"","background-media":"","overlay-type":"","overlay-color":"","overlay-opacity":"","overlay-gradient":""}},"footnotes":""},"class_list":["post-615","page","type-page","status-publish","hentry"],"uagb_featured_image_src":{"full":false,"thumbnail":false,"medium":false,"medium_large":false,"large":false,"1536x1536":false,"2048x2048":false,"trp-custom-language-flag":false},"uagb_author_info":{"display_name":"Sergio Perez","author_link":"https:\/\/www.betijaialai.eus\/cas\/author\/sergio\/"},"uagb_comment_info":0,"uagb_excerpt":"ERROMERIAK Udaletxeak sustaturiko kanpaina baten barruan, euskal folklorea hiritar arruntari ezagutarazteko, BETI JAI ALA-kI urte batzuk daramatza Basurtun erromeriak antolatzen aldika aldika. Erromeriotan, taldearen soinulari eta dantzariek hainbat dantza eta [&hellip;]","_links":{"self":[{"href":"https:\/\/www.betijaialai.eus\/cas\/wp-json\/wp\/v2\/pages\/615","targetHints":{"allow":["GET"]}}],"collection":[{"href":"https:\/\/www.betijaialai.eus\/cas\/wp-json\/wp\/v2\/pages"}],"about":[{"href":"https:\/\/www.betijaialai.eus\/cas\/wp-json\/wp\/v2\/types\/page"}],"author":[{"embeddable":true,"href":"https:\/\/www.betijaialai.eus\/cas\/wp-json\/wp\/v2\/users\/3"}],"replies":[{"embeddable":true,"href":"https:\/\/www.betijaialai.eus\/cas\/wp-json\/wp\/v2\/comments?post=615"}],"version-history":[{"count":16,"href":"https:\/\/www.betijaialai.eus\/cas\/wp-json\/wp\/v2\/pages\/615\/revisions"}],"predecessor-version":[{"id":1424,"href":"https:\/\/www.betijaialai.eus\/cas\/wp-json\/wp\/v2\/pages\/615\/revisions\/1424"}],"wp:attachment":[{"href":"https:\/\/www.betijaialai.eus\/cas\/wp-json\/wp\/v2\/media?parent=615"}],"curies":[{"name":"wp","href":"https:\/\/api.w.org\/{rel}","templated":true}]}}