{"id":960,"date":"2024-11-06T17:36:28","date_gmt":"2024-11-06T16:36:28","guid":{"rendered":"https:\/\/www.betijaialai.eus\/berria\/?page_id=960"},"modified":"2025-03-12T20:46:13","modified_gmt":"2025-03-12T19:46:13","slug":"beti-jai-alaiko-erraldoiak","status":"publish","type":"page","link":"https:\/\/www.betijaialai.eus\/cas\/beti-jai-alaiko-erraldoiak\/","title":{"rendered":"Gigantes del Beti Jai Alai"},"content":{"rendered":"<div style=\"height:50px\" aria-hidden=\"true\" class=\"wp-block-spacer\"><\/div>\n\n\n\n<h2 class=\"wp-block-heading has-text-align-center\">Gigantes del Beti Jai Alai<\/h2>\n\n\n\n<p style=\"font-size:22px;line-height:1.8\">Los personajes de la Comparsa de Gigantes del Beti Jai Alai de Basurto est\u00e1n inspirados en una conocida litograf\u00eda de Jos\u00e9 Arrue, en la que aparecen los Gigantes de Bilbao junto a Gargant\u00faa. Los personajes son los principales personajes olvidados en Bilboko Konpartsak, y as\u00ed fueron acogidos por Beti Jai Alai desde 2001.<\/p>\n\n\n\n<div class=\"wp-block-columns is-layout-flex wp-container-core-columns-is-layout-81f66e2a wp-block-columns-is-layout-flex\" style=\"margin-bottom:-10px;padding-right:0;padding-left:0\">\n<div class=\"wp-block-column is-layout-flow wp-block-column-is-layout-flow\">\n<p style=\"font-size:22px;line-height:1.8\">Los gigantes representan \"El Turco\" y \"La Mora\", y \"Los Americanos Negros\". Los fabricantes son Kukubiltxo y Nati Ortiz de Z\u00e1rate.<\/p>\n\n\n\n<p style=\"margin-top:-5px;font-size:22px;line-height:1.8\">La comparsa de gigantes se ha puesto en marcha en Ondala gracias a la inestimable colaboraci\u00f3n de la comparsa de gigantes de Deusto. Y es que los miembros de Ondalan ense\u00f1an los pasos y valses necesarios para desarrollar la actividad en las diferentes salidas. Todav\u00eda hoy existe una estrecha relaci\u00f3n.<\/p>\n<\/div>\n\n\n\n<div class=\"wp-block-column is-layout-flow wp-block-column-is-layout-flow\">\n<figure class=\"wp-block-image aligncenter size-full\"><img loading=\"lazy\" decoding=\"async\" width=\"357\" height=\"278\" src=\"https:\/\/www.betijaialai.eus\/berria\/wp-content\/uploads\/2024\/11\/Erraldoiak_1.jpg\" alt=\"\" class=\"wp-image-962\" srcset=\"https:\/\/www.betijaialai.eus\/wp-content\/uploads\/2024\/11\/Erraldoiak_1.jpg 357w, https:\/\/www.betijaialai.eus\/wp-content\/uploads\/2024\/11\/Erraldoiak_1-300x234.jpg 300w\" sizes=\"auto, (max-width: 357px) 100vw, 357px\" \/><\/figure>\n<\/div>\n<\/div>\n\n\n\n<figure class=\"wp-block-image aligncenter size-full\"><img loading=\"lazy\" decoding=\"async\" width=\"598\" height=\"448\" src=\"https:\/\/www.betijaialai.eus\/berria\/wp-content\/uploads\/2024\/11\/Erraldoiak_2.jpg.png\" alt=\"\" class=\"wp-image-963\" srcset=\"https:\/\/www.betijaialai.eus\/wp-content\/uploads\/2024\/11\/Erraldoiak_2.jpg.png 598w, https:\/\/www.betijaialai.eus\/wp-content\/uploads\/2024\/11\/Erraldoiak_2.jpg-300x225.png 300w\" sizes=\"auto, (max-width: 598px) 100vw, 598px\" \/><\/figure>\n\n\n\n<div style=\"height:50px\" aria-hidden=\"true\" class=\"wp-block-spacer\"><\/div>","protected":false},"excerpt":{"rendered":"<p>Beti Jai Alaiko Erraldoiak Basurtuko Beti Jai Alaiko Erraldoien Konpartsako pertsonaiak Jose Arrueren litografia ezagun batean inspiratuta daude, bertan, Bilboko Erraldoiak agertzen dira Gargantuarekin batera. Pertsonaiak dira Bilboko Konpartsan ahaztutako [&hellip;]<\/p>\n","protected":false},"author":3,"featured_media":0,"parent":0,"menu_order":0,"comment_status":"closed","ping_status":"closed","template":"","meta":{"_uag_custom_page_level_css":"","site-sidebar-layout":"default","site-content-layout":"","ast-site-content-layout":"default","site-content-style":"default","site-sidebar-style":"default","ast-global-header-display":"","ast-banner-title-visibility":"","ast-main-header-display":"","ast-hfb-above-header-display":"","ast-hfb-below-header-display":"","ast-hfb-mobile-header-display":"","site-post-title":"disabled","ast-breadcrumbs-content":"","ast-featured-img":"","footer-sml-layout":"","ast-disable-related-posts":"","theme-transparent-header-meta":"","adv-header-id-meta":"","stick-header-meta":"","header-above-stick-meta":"","header-main-stick-meta":"","header-below-stick-meta":"","astra-migrate-meta-layouts":"default","ast-page-background-enabled":"default","ast-page-background-meta":{"desktop":{"background-color":"var(--ast-global-color-4)","background-image":"","background-repeat":"repeat","background-position":"center center","background-size":"auto","background-attachment":"scroll","background-type":"","background-media":"","overlay-type":"","overlay-color":"","overlay-opacity":"","overlay-gradient":""},"tablet":{"background-color":"","background-image":"","background-repeat":"repeat","background-position":"center center","background-size":"auto","background-attachment":"scroll","background-type":"","background-media":"","overlay-type":"","overlay-color":"","overlay-opacity":"","overlay-gradient":""},"mobile":{"background-color":"","background-image":"","background-repeat":"repeat","background-position":"center center","background-size":"auto","background-attachment":"scroll","background-type":"","background-media":"","overlay-type":"","overlay-color":"","overlay-opacity":"","overlay-gradient":""}},"ast-content-background-meta":{"desktop":{"background-color":"var(--ast-global-color-5)","background-image":"","background-repeat":"repeat","background-position":"center center","background-size":"auto","background-attachment":"scroll","background-type":"","background-media":"","overlay-type":"","overlay-color":"","overlay-opacity":"","overlay-gradient":""},"tablet":{"background-color":"var(--ast-global-color-5)","background-image":"","background-repeat":"repeat","background-position":"center center","background-size":"auto","background-attachment":"scroll","background-type":"","background-media":"","overlay-type":"","overlay-color":"","overlay-opacity":"","overlay-gradient":""},"mobile":{"background-color":"var(--ast-global-color-5)","background-image":"","background-repeat":"repeat","background-position":"center center","background-size":"auto","background-attachment":"scroll","background-type":"","background-media":"","overlay-type":"","overlay-color":"","overlay-opacity":"","overlay-gradient":""}},"footnotes":""},"class_list":["post-960","page","type-page","status-publish","hentry"],"uagb_featured_image_src":{"full":false,"thumbnail":false,"medium":false,"medium_large":false,"large":false,"1536x1536":false,"2048x2048":false,"trp-custom-language-flag":false},"uagb_author_info":{"display_name":"Sergio Perez","author_link":"https:\/\/www.betijaialai.eus\/cas\/author\/sergio\/"},"uagb_comment_info":0,"uagb_excerpt":"Beti Jai Alaiko Erraldoiak Basurtuko Beti Jai Alaiko Erraldoien Konpartsako pertsonaiak Jose Arrueren litografia ezagun batean inspiratuta daude, bertan, Bilboko Erraldoiak agertzen dira Gargantuarekin batera. Pertsonaiak dira Bilboko Konpartsan ahaztutako [&hellip;]","_links":{"self":[{"href":"https:\/\/www.betijaialai.eus\/cas\/wp-json\/wp\/v2\/pages\/960","targetHints":{"allow":["GET"]}}],"collection":[{"href":"https:\/\/www.betijaialai.eus\/cas\/wp-json\/wp\/v2\/pages"}],"about":[{"href":"https:\/\/www.betijaialai.eus\/cas\/wp-json\/wp\/v2\/types\/page"}],"author":[{"embeddable":true,"href":"https:\/\/www.betijaialai.eus\/cas\/wp-json\/wp\/v2\/users\/3"}],"replies":[{"embeddable":true,"href":"https:\/\/www.betijaialai.eus\/cas\/wp-json\/wp\/v2\/comments?post=960"}],"version-history":[{"count":10,"href":"https:\/\/www.betijaialai.eus\/cas\/wp-json\/wp\/v2\/pages\/960\/revisions"}],"predecessor-version":[{"id":1079,"href":"https:\/\/www.betijaialai.eus\/cas\/wp-json\/wp\/v2\/pages\/960\/revisions\/1079"}],"wp:attachment":[{"href":"https:\/\/www.betijaialai.eus\/cas\/wp-json\/wp\/v2\/media?parent=960"}],"curies":[{"name":"wp","href":"https:\/\/api.w.org\/{rel}","templated":true}]}}